{"id":25,"date":"2023-10-04T17:26:34","date_gmt":"2023-10-04T15:26:34","guid":{"rendered":"https:\/\/krolgribouille.com\/?page_id=25"},"modified":"2023-11-01T15:37:57","modified_gmt":"2023-11-01T14:37:57","slug":"accueil","status":"publish","type":"page","link":"https:\/\/krolgribouille.com\/","title":{"rendered":"L&#8217;atelier de Krolgribouille"},"content":{"rendered":"\t\t<div data-elementor-type=\"wp-page\" data-elementor-id=\"25\" class=\"elementor elementor-25\">\n\t\t\t\t\t\t\t<div class=\"elementor-element elementor-element-9ffcd11 e-flex e-con-boxed e-con e-parent\" data-id=\"9ffcd11\" data-element_type=\"container\" data-settings=\"{&quot;content_width&quot;:&quot;boxed&quot;}\" data-core-v316-plus=\"true\">\n\t\t\t\t\t<div class=\"e-con-inner\">\n\t\t\t\t<div class=\"elementor-element elementor-element-37b76fd elementor-widget elementor-widget-heading\" data-id=\"37b76fd\" data-element_type=\"widget\" data-widget_type=\"heading.default\">\n\t\t\t\t<div class=\"elementor-widget-container\">\n\t\t\t<style>\/*! elementor - v3.17.0 - 25-10-2023 *\/\n.elementor-heading-title{padding:0;margin:0;line-height:1}.elementor-widget-heading .elementor-heading-title[class*=elementor-size-]>a{color:inherit;font-size:inherit;line-height:inherit}.elementor-widget-heading .elementor-heading-title.elementor-size-small{font-size:15px}.elementor-widget-heading .elementor-heading-title.elementor-size-medium{font-size:19px}.elementor-widget-heading .elementor-heading-title.elementor-size-large{font-size:29px}.elementor-widget-heading .elementor-heading-title.elementor-size-xl{font-size:39px}.elementor-widget-heading .elementor-heading-title.elementor-size-xxl{font-size:59px}<\/style><h2 class=\"elementor-heading-title elementor-size-default\">Site en construction ne vous inqui\u00e9tez pas<\/h2>\t\t<\/div>\n\t\t\t\t<\/div>\n\t\t\t\t\t<\/div>\n\t\t\t\t<\/div>\n\t\t<div class=\"elementor-element elementor-element-5cf18fa e-flex e-con-boxed e-con e-parent\" data-id=\"5cf18fa\" data-element_type=\"container\" data-settings=\"{&quot;content_width&quot;:&quot;boxed&quot;}\" data-core-v316-plus=\"true\">\n\t\t\t\t\t<div class=\"e-con-inner\">\n\t\t<div class=\"elementor-element elementor-element-54ec59b e-con-full e-flex e-con e-child\" data-id=\"54ec59b\" data-element_type=\"container\" data-settings=\"{&quot;content_width&quot;:&quot;full&quot;}\">\n\t\t\t\t<div class=\"elementor-element elementor-element-2fa7718 elementor-widget elementor-widget-image\" data-id=\"2fa7718\" data-element_type=\"widget\" data-widget_type=\"image.default\">\n\t\t\t\t<div class=\"elementor-widget-container\">\n\t\t\t<style>\/*! elementor - v3.17.0 - 25-10-2023 *\/\n.elementor-widget-image{text-align:center}.elementor-widget-image a{display:inline-block}.elementor-widget-image a img[src$=\".svg\"]{width:48px}.elementor-widget-image img{vertical-align:middle;display:inline-block}<\/style>\t\t\t\t\t\t\t\t\t\t\t\t<img decoding=\"async\" loading=\"lazy\" width=\"500\" height=\"500\" src=\"https:\/\/krolgribouille.com\/wp-content\/uploads\/2023\/11\/Design-sans-titre-3.png\" class=\"attachment-large size-large wp-image-90\" alt=\"\" srcset=\"https:\/\/krolgribouille.com\/wp-content\/uploads\/2023\/11\/Design-sans-titre-3.png 500w, https:\/\/krolgribouille.com\/wp-content\/uploads\/2023\/11\/Design-sans-titre-3-300x300.png 300w, https:\/\/krolgribouille.com\/wp-content\/uploads\/2023\/11\/Design-sans-titre-3-150x150.png 150w, https:\/\/krolgribouille.com\/wp-content\/uploads\/2023\/11\/Design-sans-titre-3-100x100.png 100w\" sizes=\"(max-width: 500px) 100vw, 500px\" \/>\t\t\t\t\t\t\t\t\t\t\t\t\t\t\t<\/div>\n\t\t\t\t<\/div>\n\t\t\t\t<\/div>\n\t\t<div class=\"elementor-element elementor-element-0b6d053 e-con-full e-flex e-con e-child\" data-id=\"0b6d053\" data-element_type=\"container\" data-settings=\"{&quot;content_width&quot;:&quot;full&quot;}\">\n\t\t\t\t<div class=\"elementor-element elementor-element-3e5b4c5 elementor-invisible elementor-widget elementor-widget-text-editor\" data-id=\"3e5b4c5\" data-element_type=\"widget\" data-settings=\"{&quot;_animation&quot;:&quot;fadeIn&quot;}\" data-widget_type=\"text-editor.default\">\n\t\t\t\t<div class=\"elementor-widget-container\">\n\t\t\t<style>\/*! elementor - v3.17.0 - 25-10-2023 *\/\n.elementor-widget-text-editor.elementor-drop-cap-view-stacked .elementor-drop-cap{background-color:#69727d;color:#fff}.elementor-widget-text-editor.elementor-drop-cap-view-framed .elementor-drop-cap{color:#69727d;border:3px solid;background-color:transparent}.elementor-widget-text-editor:not(.elementor-drop-cap-view-default) .elementor-drop-cap{margin-top:8px}.elementor-widget-text-editor:not(.elementor-drop-cap-view-default) .elementor-drop-cap-letter{width:1em;height:1em}.elementor-widget-text-editor .elementor-drop-cap{float:left;text-align:center;line-height:1;font-size:50px}.elementor-widget-text-editor .elementor-drop-cap-letter{display:inline-block}<\/style>\t\t\t\t<p>D\u00e9couvrez l&#8217;atelier enchanteur d&#8217;une artiste peintre en aquarelle. Plongez dans un univers de couleurs vibrantes et de cr\u00e9ativit\u00e9 infinie.<\/p>\t\t\t\t\t\t<\/div>\n\t\t\t\t<\/div>\n\t\t\t\t<\/div>\n\t\t\t\t\t<\/div>\n\t\t\t\t<\/div>\n\t\t<div class=\"elementor-element elementor-element-1a1f748 e-flex e-con-boxed e-con e-parent\" data-id=\"1a1f748\" data-element_type=\"container\" data-settings=\"{&quot;content_width&quot;:&quot;boxed&quot;}\" data-core-v316-plus=\"true\">\n\t\t\t\t\t<div class=\"e-con-inner\">\n\t\t<div class=\"elementor-element elementor-element-649269a e-con-full e-flex e-con e-child\" data-id=\"649269a\" data-element_type=\"container\" data-settings=\"{&quot;content_width&quot;:&quot;full&quot;}\">\n\t\t\t\t<div class=\"elementor-element elementor-element-2a2fb6a elementor-widget elementor-widget-text-editor\" data-id=\"2a2fb6a\" data-element_type=\"widget\" data-widget_type=\"text-editor.default\">\n\t\t\t\t<div class=\"elementor-widget-container\">\n\t\t\t\t\t\t\t<p>D\u00e9couvrez la boutique en ligne sp\u00e9cialis\u00e9e dans les surprises artistiques de l&#8217;Alsace. Parcourez ma collection de cartes postales et posters d&#8217;aquarelles alsaciennes. Laissez-vous envo\u00fbter par la beaut\u00e9 de cette r\u00e9gion \u00e0 travers mes yeux. Id\u00e9al pour la d\u00e9coration ou pour envoyer un peu d&#8217;Alsace \u00e0 vos proches. Explorez la magie de l&#8217;aquarelle alsacienne d\u00e8s aujourd&#8217;hui !<\/p>\t\t\t\t\t\t<\/div>\n\t\t\t\t<\/div>\n\t\t\t\t<\/div>\n\t\t<div class=\"elementor-element elementor-element-493ef66 e-con-full e-flex e-con e-child\" data-id=\"493ef66\" data-element_type=\"container\" data-settings=\"{&quot;content_width&quot;:&quot;full&quot;}\">\n\t\t\t\t<div class=\"elementor-element elementor-element-bee83eb elementor-widget elementor-widget-image\" data-id=\"bee83eb\" data-element_type=\"widget\" data-widget_type=\"image.default\">\n\t\t\t\t<div class=\"elementor-widget-container\">\n\t\t\t\t\t\t\t\t\t\t\t\t\t\t\t\t<a href=\"https:\/\/krolgribouille.com\/index.php\/boutique\/\">\n\t\t\t\t\t\t\t<img decoding=\"async\" loading=\"lazy\" width=\"500\" height=\"500\" src=\"https:\/\/krolgribouille.com\/wp-content\/uploads\/2023\/11\/Design-sans-titre-4.png\" class=\"attachment-medium_large size-medium_large wp-image-106\" alt=\"\" srcset=\"https:\/\/krolgribouille.com\/wp-content\/uploads\/2023\/11\/Design-sans-titre-4.png 500w, https:\/\/krolgribouille.com\/wp-content\/uploads\/2023\/11\/Design-sans-titre-4-300x300.png 300w, https:\/\/krolgribouille.com\/wp-content\/uploads\/2023\/11\/Design-sans-titre-4-150x150.png 150w, https:\/\/krolgribouille.com\/wp-content\/uploads\/2023\/11\/Design-sans-titre-4-100x100.png 100w\" sizes=\"(max-width: 500px) 100vw, 500px\" \/>\t\t\t\t\t\t\t\t<\/a>\n\t\t\t\t\t\t\t\t\t\t\t\t\t\t\t<\/div>\n\t\t\t\t<\/div>\n\t\t\t\t<\/div>\n\t\t\t\t\t<\/div>\n\t\t\t\t<\/div>\n\t\t<div class=\"elementor-element elementor-element-a6a6131 e-flex e-con-boxed e-con e-parent\" data-id=\"a6a6131\" data-element_type=\"container\" data-settings=\"{&quot;content_width&quot;:&quot;boxed&quot;}\" data-core-v316-plus=\"true\">\n\t\t\t\t\t<div class=\"e-con-inner\">\n\t\t<div class=\"elementor-element elementor-element-068b79d e-con-full e-flex e-con e-child\" data-id=\"068b79d\" data-element_type=\"container\" data-settings=\"{&quot;content_width&quot;:&quot;full&quot;}\">\n\t\t\t\t<div class=\"elementor-element elementor-element-36240d6 elementor-widget elementor-widget-image\" data-id=\"36240d6\" data-element_type=\"widget\" data-widget_type=\"image.default\">\n\t\t\t\t<div class=\"elementor-widget-container\">\n\t\t\t\t\t\t\t\t\t\t\t\t\t\t\t\t<a href=\"https:\/\/krolgribouille.com\/index.php\/actu\/\">\n\t\t\t\t\t\t\t<img decoding=\"async\" loading=\"lazy\" width=\"500\" height=\"500\" src=\"https:\/\/krolgribouille.com\/wp-content\/uploads\/2023\/11\/Design-sans-titre-5.png\" class=\"attachment-large size-large wp-image-107\" alt=\"\" srcset=\"https:\/\/krolgribouille.com\/wp-content\/uploads\/2023\/11\/Design-sans-titre-5.png 500w, https:\/\/krolgribouille.com\/wp-content\/uploads\/2023\/11\/Design-sans-titre-5-300x300.png 300w, https:\/\/krolgribouille.com\/wp-content\/uploads\/2023\/11\/Design-sans-titre-5-150x150.png 150w, https:\/\/krolgribouille.com\/wp-content\/uploads\/2023\/11\/Design-sans-titre-5-100x100.png 100w\" sizes=\"(max-width: 500px) 100vw, 500px\" \/>\t\t\t\t\t\t\t\t<\/a>\n\t\t\t\t\t\t\t\t\t\t\t\t\t\t\t<\/div>\n\t\t\t\t<\/div>\n\t\t\t\t<\/div>\n\t\t<div class=\"elementor-element elementor-element-98c3907 e-con-full e-flex e-con e-child\" data-id=\"98c3907\" data-element_type=\"container\" data-settings=\"{&quot;content_width&quot;:&quot;full&quot;}\">\n\t\t\t\t<div class=\"elementor-element elementor-element-3050d4e elementor-widget elementor-widget-text-editor\" data-id=\"3050d4e\" data-element_type=\"widget\" data-widget_type=\"text-editor.default\">\n\t\t\t\t<div class=\"elementor-widget-container\">\n\t\t\t\t\t\t\t<p>Soyez aux premi\u00e8res loges de mon voyage artistique ! Suivez mes actualit\u00e9s et d\u00e9couvrez mes cr\u00e9ations d&#8217;aquarelles. Retrouvez-moi sur les march\u00e9s pour explorer mes \u0153uvres en personne et partager l&#8217;art de l&#8217;aquarelle. Ensemble, plongeons dans un monde de couleurs et de cr\u00e9ativit\u00e9.<\/p>\t\t\t\t\t\t<\/div>\n\t\t\t\t<\/div>\n\t\t\t\t<\/div>\n\t\t\t\t\t<\/div>\n\t\t\t\t<\/div>\n\t\t\t\t\t\t\t<\/div>\n\t\t","protected":false},"excerpt":{"rendered":"<p>Site en construction ne vous inqui\u00e9tez pas D\u00e9couvrez l&#8217;atelier enchanteur d&#8217;une artiste peintre en aquarelle. Plongez dans un univers de couleurs vibrantes et de cr\u00e9ativit\u00e9 infinie. D\u00e9couvrez la boutique en ligne sp\u00e9cialis\u00e9e dans les surprises artistiques de l&#8217;Alsace. Parcourez ma collection de cartes postales et posters d&#8217;aquarelles alsaciennes. Laissez-vous envo\u00fbter par la beaut\u00e9 de cette [&hellip;]<\/p>\n","protected":false},"author":1,"featured_media":0,"parent":0,"menu_order":0,"comment_status":"closed","ping_status":"closed","template":"","meta":{"footnotes":""},"yoast_head":"<!-- This site is optimized with the Yoast SEO plugin v21.5 - https:\/\/yoast.com\/wordpress\/plugins\/seo\/ -->\n<title>L&#039;atelier de Krolgribouille - KROLGRIBOUILLE<\/title>\n<meta name=\"robots\" content=\"index, follow, max-snippet:-1, max-image-preview:large, max-video-preview:-1\" \/>\n<link rel=\"canonical\" href=\"https:\/\/krolgribouille.com\/\" \/>\n<meta property=\"og:locale\" content=\"en_US\" \/>\n<meta property=\"og:type\" content=\"article\" \/>\n<meta property=\"og:title\" content=\"L&#039;atelier de Krolgribouille - KROLGRIBOUILLE\" \/>\n<meta property=\"og:description\" content=\"Site en construction ne vous inqui\u00e9tez pas D\u00e9couvrez l&#8217;atelier enchanteur d&#8217;une artiste peintre en aquarelle. Plongez dans un univers de couleurs vibrantes et de cr\u00e9ativit\u00e9 infinie. D\u00e9couvrez la boutique en ligne sp\u00e9cialis\u00e9e dans les surprises artistiques de l&#8217;Alsace. Parcourez ma collection de cartes postales et posters d&#8217;aquarelles alsaciennes. Laissez-vous envo\u00fbter par la beaut\u00e9 de cette [&hellip;]\" \/>\n<meta property=\"og:url\" content=\"https:\/\/krolgribouille.com\/\" \/>\n<meta property=\"og:site_name\" content=\"KROLGRIBOUILLE\" \/>\n<meta property=\"article:modified_time\" content=\"2023-11-01T14:37:57+00:00\" \/>\n<meta property=\"og:image\" content=\"http:\/\/krolgribouille.com\/wp-content\/uploads\/2023\/11\/Design-sans-titre-3.png\" \/>\n<meta name=\"twitter:card\" content=\"summary_large_image\" \/>\n<meta name=\"twitter:label1\" content=\"Est. reading time\" \/>\n\t<meta name=\"twitter:data1\" content=\"2 minutes\" \/>\n<script type=\"application\/ld+json\" class=\"yoast-schema-graph\">{\"@context\":\"https:\/\/schema.org\",\"@graph\":[{\"@type\":\"WebPage\",\"@id\":\"https:\/\/krolgribouille.com\/\",\"url\":\"https:\/\/krolgribouille.com\/\",\"name\":\"L'atelier de Krolgribouille - KROLGRIBOUILLE\",\"isPartOf\":{\"@id\":\"https:\/\/krolgribouille.com\/#website\"},\"datePublished\":\"2023-10-04T15:26:34+00:00\",\"dateModified\":\"2023-11-01T14:37:57+00:00\",\"breadcrumb\":{\"@id\":\"https:\/\/krolgribouille.com\/#breadcrumb\"},\"inLanguage\":\"en-US\",\"potentialAction\":[{\"@type\":\"ReadAction\",\"target\":[\"https:\/\/krolgribouille.com\/\"]}]},{\"@type\":\"BreadcrumbList\",\"@id\":\"https:\/\/krolgribouille.com\/#breadcrumb\",\"itemListElement\":[{\"@type\":\"ListItem\",\"position\":1,\"name\":\"Accueil\",\"item\":\"https:\/\/krolgribouille.com\/\"},{\"@type\":\"ListItem\",\"position\":2,\"name\":\"L&#8217;atelier de Krolgribouille\"}]},{\"@type\":\"WebSite\",\"@id\":\"https:\/\/krolgribouille.com\/#website\",\"url\":\"https:\/\/krolgribouille.com\/\",\"name\":\"KROLGRIBOUILLE\",\"description\":\"L&#039;Alsace en Aquarelle\",\"publisher\":{\"@id\":\"https:\/\/krolgribouille.com\/#organization\"},\"potentialAction\":[{\"@type\":\"SearchAction\",\"target\":{\"@type\":\"EntryPoint\",\"urlTemplate\":\"https:\/\/krolgribouille.com\/?s={search_term_string}\"},\"query-input\":\"required name=search_term_string\"}],\"inLanguage\":\"en-US\"},{\"@type\":\"Organization\",\"@id\":\"https:\/\/krolgribouille.com\/#organization\",\"name\":\"KROLGRIBOUILLE\",\"url\":\"https:\/\/krolgribouille.com\/\",\"logo\":{\"@type\":\"ImageObject\",\"inLanguage\":\"en-US\",\"@id\":\"https:\/\/krolgribouille.com\/#\/schema\/logo\/image\/\",\"url\":\"https:\/\/krolgribouille.com\/wp-content\/uploads\/2023\/11\/cropped-Design-sans-titre-1.png\",\"contentUrl\":\"https:\/\/krolgribouille.com\/wp-content\/uploads\/2023\/11\/cropped-Design-sans-titre-1.png\",\"width\":500,\"height\":500,\"caption\":\"KROLGRIBOUILLE\"},\"image\":{\"@id\":\"https:\/\/krolgribouille.com\/#\/schema\/logo\/image\/\"}}]}<\/script>\n<!-- \/ Yoast SEO plugin. -->","yoast_head_json":{"title":"L'atelier de Krolgribouille - KROLGRIBOUILLE","robots":{"index":"index","follow":"follow","max-snippet":"max-snippet:-1","max-image-preview":"max-image-preview:large","max-video-preview":"max-video-preview:-1"},"canonical":"https:\/\/krolgribouille.com\/","og_locale":"en_US","og_type":"article","og_title":"L'atelier de Krolgribouille - KROLGRIBOUILLE","og_description":"Site en construction ne vous inqui\u00e9tez pas D\u00e9couvrez l&#8217;atelier enchanteur d&#8217;une artiste peintre en aquarelle. Plongez dans un univers de couleurs vibrantes et de cr\u00e9ativit\u00e9 infinie. D\u00e9couvrez la boutique en ligne sp\u00e9cialis\u00e9e dans les surprises artistiques de l&#8217;Alsace. Parcourez ma collection de cartes postales et posters d&#8217;aquarelles alsaciennes. Laissez-vous envo\u00fbter par la beaut\u00e9 de cette [&hellip;]","og_url":"https:\/\/krolgribouille.com\/","og_site_name":"KROLGRIBOUILLE","article_modified_time":"2023-11-01T14:37:57+00:00","og_image":[{"url":"http:\/\/krolgribouille.com\/wp-content\/uploads\/2023\/11\/Design-sans-titre-3.png"}],"twitter_card":"summary_large_image","twitter_misc":{"Est. reading time":"2 minutes"},"schema":{"@context":"https:\/\/schema.org","@graph":[{"@type":"WebPage","@id":"https:\/\/krolgribouille.com\/","url":"https:\/\/krolgribouille.com\/","name":"L'atelier de Krolgribouille - KROLGRIBOUILLE","isPartOf":{"@id":"https:\/\/krolgribouille.com\/#website"},"datePublished":"2023-10-04T15:26:34+00:00","dateModified":"2023-11-01T14:37:57+00:00","breadcrumb":{"@id":"https:\/\/krolgribouille.com\/#breadcrumb"},"inLanguage":"en-US","potentialAction":[{"@type":"ReadAction","target":["https:\/\/krolgribouille.com\/"]}]},{"@type":"BreadcrumbList","@id":"https:\/\/krolgribouille.com\/#breadcrumb","itemListElement":[{"@type":"ListItem","position":1,"name":"Accueil","item":"https:\/\/krolgribouille.com\/"},{"@type":"ListItem","position":2,"name":"L&#8217;atelier de Krolgribouille"}]},{"@type":"WebSite","@id":"https:\/\/krolgribouille.com\/#website","url":"https:\/\/krolgribouille.com\/","name":"KROLGRIBOUILLE","description":"L&#039;Alsace en Aquarelle","publisher":{"@id":"https:\/\/krolgribouille.com\/#organization"},"potentialAction":[{"@type":"SearchAction","target":{"@type":"EntryPoint","urlTemplate":"https:\/\/krolgribouille.com\/?s={search_term_string}"},"query-input":"required name=search_term_string"}],"inLanguage":"en-US"},{"@type":"Organization","@id":"https:\/\/krolgribouille.com\/#organization","name":"KROLGRIBOUILLE","url":"https:\/\/krolgribouille.com\/","logo":{"@type":"ImageObject","inLanguage":"en-US","@id":"https:\/\/krolgribouille.com\/#\/schema\/logo\/image\/","url":"https:\/\/krolgribouille.com\/wp-content\/uploads\/2023\/11\/cropped-Design-sans-titre-1.png","contentUrl":"https:\/\/krolgribouille.com\/wp-content\/uploads\/2023\/11\/cropped-Design-sans-titre-1.png","width":500,"height":500,"caption":"KROLGRIBOUILLE"},"image":{"@id":"https:\/\/krolgribouille.com\/#\/schema\/logo\/image\/"}}]}},"jetpack_sharing_enabled":true,"_links":{"self":[{"href":"https:\/\/krolgribouille.com\/index.php\/wp-json\/wp\/v2\/pages\/25"}],"collection":[{"href":"https:\/\/krolgribouille.com\/index.php\/wp-json\/wp\/v2\/pages"}],"about":[{"href":"https:\/\/krolgribouille.com\/index.php\/wp-json\/wp\/v2\/types\/page"}],"author":[{"embeddable":true,"href":"https:\/\/krolgribouille.com\/index.php\/wp-json\/wp\/v2\/users\/1"}],"replies":[{"embeddable":true,"href":"https:\/\/krolgribouille.com\/index.php\/wp-json\/wp\/v2\/comments?post=25"}],"version-history":[{"count":32,"href":"https:\/\/krolgribouille.com\/index.php\/wp-json\/wp\/v2\/pages\/25\/revisions"}],"predecessor-version":[{"id":116,"href":"https:\/\/krolgribouille.com\/index.php\/wp-json\/wp\/v2\/pages\/25\/revisions\/116"}],"wp:attachment":[{"href":"https:\/\/krolgribouille.com\/index.php\/wp-json\/wp\/v2\/media?parent=25"}],"curies":[{"name":"wp","href":"https:\/\/api.w.org\/{rel}","templated":true}]}}