{"id":27,"date":"2023-10-04T17:28:03","date_gmt":"2023-10-04T15:28:03","guid":{"rendered":"https:\/\/krolgribouille.com\/?page_id=27"},"modified":"2023-11-01T16:48:10","modified_gmt":"2023-11-01T15:48:10","slug":"contact","status":"publish","type":"page","link":"https:\/\/krolgribouille.com\/index.php\/contact\/","title":{"rendered":"Contact"},"content":{"rendered":"\t\t<div data-elementor-type=\"wp-page\" data-elementor-id=\"27\" class=\"elementor elementor-27\">\n\t\t\t\t\t\t\t<div class=\"elementor-element elementor-element-5559856d e-con-full e-flex e-con e-parent\" data-id=\"5559856d\" data-element_type=\"container\" data-settings=\"{&quot;content_width&quot;:&quot;full&quot;}\" data-core-v316-plus=\"true\">\n\t\t<div class=\"elementor-element elementor-element-7f44f797 e-con-full e-flex e-con e-child\" data-id=\"7f44f797\" data-element_type=\"container\" data-settings=\"{&quot;content_width&quot;:&quot;full&quot;}\">\n\t\t\t\t<div class=\"elementor-element elementor-element-7c383d25 elementor-widget elementor-widget-heading\" data-id=\"7c383d25\" data-element_type=\"widget\" data-widget_type=\"heading.default\">\n\t\t\t\t<div class=\"elementor-widget-container\">\n\t\t\t<style>\/*! elementor - v3.17.0 - 25-10-2023 *\/\n.elementor-heading-title{padding:0;margin:0;line-height:1}.elementor-widget-heading .elementor-heading-title[class*=elementor-size-]>a{color:inherit;font-size:inherit;line-height:inherit}.elementor-widget-heading .elementor-heading-title.elementor-size-small{font-size:15px}.elementor-widget-heading .elementor-heading-title.elementor-size-medium{font-size:19px}.elementor-widget-heading .elementor-heading-title.elementor-size-large{font-size:29px}.elementor-widget-heading .elementor-heading-title.elementor-size-xl{font-size:39px}.elementor-widget-heading .elementor-heading-title.elementor-size-xxl{font-size:59px}<\/style><h1 class=\"elementor-heading-title elementor-size-default\">Contactez moi<\/h1>\t\t<\/div>\n\t\t\t\t<\/div>\n\t\t\t\t<div class=\"elementor-element elementor-element-1b33e100 elementor-widget elementor-widget-text-editor\" data-id=\"1b33e100\" data-element_type=\"widget\" data-widget_type=\"text-editor.default\">\n\t\t\t\t<div class=\"elementor-widget-container\">\n\t\t\t<style>\/*! elementor - v3.17.0 - 25-10-2023 *\/\n.elementor-widget-text-editor.elementor-drop-cap-view-stacked .elementor-drop-cap{background-color:#69727d;color:#fff}.elementor-widget-text-editor.elementor-drop-cap-view-framed .elementor-drop-cap{color:#69727d;border:3px solid;background-color:transparent}.elementor-widget-text-editor:not(.elementor-drop-cap-view-default) .elementor-drop-cap{margin-top:8px}.elementor-widget-text-editor:not(.elementor-drop-cap-view-default) .elementor-drop-cap-letter{width:1em;height:1em}.elementor-widget-text-editor .elementor-drop-cap{float:left;text-align:center;line-height:1;font-size:50px}.elementor-widget-text-editor .elementor-drop-cap-letter{display:inline-block}<\/style>\t\t\t\t<p>D\u00e9couvrez l&#8217;art personnalis\u00e9 qui vous ressemble. Des tableaux uniques, cr\u00e9\u00e9s pour vous. Contactez-nous pour donner vie \u00e0 vos id\u00e9es artistiques.<\/p>\t\t\t\t\t\t<\/div>\n\t\t\t\t<\/div>\n\t\t\t\t<\/div>\n\t\t<div class=\"elementor-element elementor-element-21c38f89 e-con-full e-flex e-con e-child\" data-id=\"21c38f89\" data-element_type=\"container\" data-settings=\"{&quot;content_width&quot;:&quot;full&quot;}\">\n\t\t\t\t<div class=\"elementor-element elementor-element-56d8e0c3 elementor-widget elementor-widget-image\" data-id=\"56d8e0c3\" data-element_type=\"widget\" data-widget_type=\"image.default\">\n\t\t\t\t<div class=\"elementor-widget-container\">\n\t\t\t<style>\/*! elementor - v3.17.0 - 25-10-2023 *\/\n.elementor-widget-image{text-align:center}.elementor-widget-image a{display:inline-block}.elementor-widget-image a img[src$=\".svg\"]{width:48px}.elementor-widget-image img{vertical-align:middle;display:inline-block}<\/style>\t\t\t\t\t\t\t\t\t\t\t\t<img decoding=\"async\" loading=\"lazy\" width=\"1024\" height=\"816\" src=\"https:\/\/krolgribouille.com\/wp-content\/uploads\/2023\/11\/10714391_285816904948821_5568190979373360879_o-1024x816.jpg\" class=\"attachment-large size-large wp-image-132\" alt=\"\" srcset=\"https:\/\/krolgribouille.com\/wp-content\/uploads\/2023\/11\/10714391_285816904948821_5568190979373360879_o-1024x816.jpg 1024w, https:\/\/krolgribouille.com\/wp-content\/uploads\/2023\/11\/10714391_285816904948821_5568190979373360879_o-300x239.jpg 300w, https:\/\/krolgribouille.com\/wp-content\/uploads\/2023\/11\/10714391_285816904948821_5568190979373360879_o-768x612.jpg 768w, https:\/\/krolgribouille.com\/wp-content\/uploads\/2023\/11\/10714391_285816904948821_5568190979373360879_o-1536x1223.jpg 1536w, https:\/\/krolgribouille.com\/wp-content\/uploads\/2023\/11\/10714391_285816904948821_5568190979373360879_o-1320x1051.jpg 1320w, https:\/\/krolgribouille.com\/wp-content\/uploads\/2023\/11\/10714391_285816904948821_5568190979373360879_o-600x478.jpg 600w, https:\/\/krolgribouille.com\/wp-content\/uploads\/2023\/11\/10714391_285816904948821_5568190979373360879_o.jpg 1773w\" sizes=\"(max-width: 1024px) 100vw, 1024px\" \/>\t\t\t\t\t\t\t\t\t\t\t\t\t\t\t<\/div>\n\t\t\t\t<\/div>\n\t\t\t\t<\/div>\n\t\t\t\t<\/div>\n\t\t<div class=\"elementor-element elementor-element-26187c4d e-con-full e-flex e-con e-parent\" data-id=\"26187c4d\" data-element_type=\"container\" data-settings=\"{&quot;background_background&quot;:&quot;classic&quot;,&quot;content_width&quot;:&quot;full&quot;}\" data-core-v316-plus=\"true\">\n\t\t<div class=\"elementor-element elementor-element-1499025d e-con-full e-flex e-con e-child\" data-id=\"1499025d\" data-element_type=\"container\" data-settings=\"{&quot;content_width&quot;:&quot;full&quot;}\">\n\t\t\t\t<div class=\"elementor-element elementor-element-ea8f52c elementor-widget elementor-widget-image\" data-id=\"ea8f52c\" data-element_type=\"widget\" data-widget_type=\"image.default\">\n\t\t\t\t<div class=\"elementor-widget-container\">\n\t\t\t\t\t\t\t\t\t\t\t\t\t\t\t<img decoding=\"async\" loading=\"lazy\" width=\"1024\" height=\"478\" src=\"https:\/\/krolgribouille.com\/wp-content\/uploads\/2023\/11\/20231101_132955-1024x478.jpg\" class=\"attachment-large size-large wp-image-137\" alt=\"\" srcset=\"https:\/\/krolgribouille.com\/wp-content\/uploads\/2023\/11\/20231101_132955-1024x478.jpg 1024w, https:\/\/krolgribouille.com\/wp-content\/uploads\/2023\/11\/20231101_132955-300x140.jpg 300w, https:\/\/krolgribouille.com\/wp-content\/uploads\/2023\/11\/20231101_132955-768x359.jpg 768w, https:\/\/krolgribouille.com\/wp-content\/uploads\/2023\/11\/20231101_132955-1536x717.jpg 1536w, https:\/\/krolgribouille.com\/wp-content\/uploads\/2023\/11\/20231101_132955-2048x956.jpg 2048w, https:\/\/krolgribouille.com\/wp-content\/uploads\/2023\/11\/20231101_132955-1320x616.jpg 1320w, https:\/\/krolgribouille.com\/wp-content\/uploads\/2023\/11\/20231101_132955-600x280.jpg 600w\" sizes=\"(max-width: 1024px) 100vw, 1024px\" \/>\t\t\t\t\t\t\t\t\t\t\t\t\t\t\t<\/div>\n\t\t\t\t<\/div>\n\t\t\t\t<\/div>\n\t\t<div class=\"elementor-element elementor-element-3c247ba7 e-con-full e-flex e-con e-child\" data-id=\"3c247ba7\" data-element_type=\"container\" data-settings=\"{&quot;content_width&quot;:&quot;full&quot;}\">\n\t\t\t\t<div class=\"elementor-element elementor-element-227cd1b2 elementor-align-left elementor-icon-list--layout-traditional elementor-list-item-link-full_width elementor-widget elementor-widget-icon-list\" data-id=\"227cd1b2\" data-element_type=\"widget\" data-widget_type=\"icon-list.default\">\n\t\t\t\t<div class=\"elementor-widget-container\">\n\t\t\t<link rel=\"stylesheet\" href=\"https:\/\/krolgribouille.com\/wp-content\/plugins\/elementor\/assets\/css\/widget-icon-list.min.css\">\t\t<ul class=\"elementor-icon-list-items\">\n\t\t\t\t\t\t\t<li class=\"elementor-icon-list-item\">\n\t\t\t\t\t\t\t\t\t\t<span class=\"elementor-icon-list-text\"><b>Addresse:<\/b> 5 place de wasselonne 67230 benfeld<\/span>\n\t\t\t\t\t\t\t\t\t<\/li>\n\t\t\t\t\t\t\t\t<li class=\"elementor-icon-list-item\">\n\t\t\t\t\t\t\t\t\t\t<span class=\"elementor-icon-list-text\"><b>Heure:<\/b> Sur RDV<\/span>\n\t\t\t\t\t\t\t\t\t<\/li>\n\t\t\t\t\t\t\t\t<li class=\"elementor-icon-list-item\">\n\t\t\t\t\t\t\t\t\t\t<span class=\"elementor-icon-list-text\"><b>T\u00e9l\u00e9phone:<\/b> 123-456-7890<\/span>\n\t\t\t\t\t\t\t\t\t<\/li>\n\t\t\t\t\t\t\t\t<li class=\"elementor-icon-list-item\">\n\t\t\t\t\t\t\t\t\t\t<span class=\"elementor-icon-list-text\"><b>Email:<\/b> Krolgribouille@gmail.com<\/span>\n\t\t\t\t\t\t\t\t\t<\/li>\n\t\t\t\t\t\t<\/ul>\n\t\t\t\t<\/div>\n\t\t\t\t<\/div>\n\t\t\t\t<div class=\"elementor-element elementor-element-b656eba e-grid-align-tablet-right e-grid-align-mobile-center elementor-widget-mobile__width-inherit elementor-shape-rounded elementor-grid-0 e-grid-align-center elementor-widget elementor-widget-social-icons\" data-id=\"b656eba\" data-element_type=\"widget\" data-widget_type=\"social-icons.default\">\n\t\t\t\t<div class=\"elementor-widget-container\">\n\t\t\t<style>\/*! elementor - v3.17.0 - 25-10-2023 *\/\n.elementor-widget-social-icons.elementor-grid-0 .elementor-widget-container,.elementor-widget-social-icons.elementor-grid-mobile-0 .elementor-widget-container,.elementor-widget-social-icons.elementor-grid-tablet-0 .elementor-widget-container{line-height:1;font-size:0}.elementor-widget-social-icons:not(.elementor-grid-0):not(.elementor-grid-tablet-0):not(.elementor-grid-mobile-0) .elementor-grid{display:inline-grid}.elementor-widget-social-icons .elementor-grid{grid-column-gap:var(--grid-column-gap,5px);grid-row-gap:var(--grid-row-gap,5px);grid-template-columns:var(--grid-template-columns);justify-content:var(--justify-content,center);justify-items:var(--justify-content,center)}.elementor-icon.elementor-social-icon{font-size:var(--icon-size,25px);line-height:var(--icon-size,25px);width:calc(var(--icon-size, 25px) + (2 * var(--icon-padding, .5em)));height:calc(var(--icon-size, 25px) + (2 * var(--icon-padding, .5em)))}.elementor-social-icon{--e-social-icon-icon-color:#fff;display:inline-flex;background-color:#69727d;align-items:center;justify-content:center;text-align:center;cursor:pointer}.elementor-social-icon i{color:var(--e-social-icon-icon-color)}.elementor-social-icon svg{fill:var(--e-social-icon-icon-color)}.elementor-social-icon:last-child{margin:0}.elementor-social-icon:hover{opacity:.9;color:#fff}.elementor-social-icon-android{background-color:#a4c639}.elementor-social-icon-apple{background-color:#999}.elementor-social-icon-behance{background-color:#1769ff}.elementor-social-icon-bitbucket{background-color:#205081}.elementor-social-icon-codepen{background-color:#000}.elementor-social-icon-delicious{background-color:#39f}.elementor-social-icon-deviantart{background-color:#05cc47}.elementor-social-icon-digg{background-color:#005be2}.elementor-social-icon-dribbble{background-color:#ea4c89}.elementor-social-icon-elementor{background-color:#d30c5c}.elementor-social-icon-envelope{background-color:#ea4335}.elementor-social-icon-facebook,.elementor-social-icon-facebook-f{background-color:#3b5998}.elementor-social-icon-flickr{background-color:#0063dc}.elementor-social-icon-foursquare{background-color:#2d5be3}.elementor-social-icon-free-code-camp,.elementor-social-icon-freecodecamp{background-color:#006400}.elementor-social-icon-github{background-color:#333}.elementor-social-icon-gitlab{background-color:#e24329}.elementor-social-icon-globe{background-color:#69727d}.elementor-social-icon-google-plus,.elementor-social-icon-google-plus-g{background-color:#dd4b39}.elementor-social-icon-houzz{background-color:#7ac142}.elementor-social-icon-instagram{background-color:#262626}.elementor-social-icon-jsfiddle{background-color:#487aa2}.elementor-social-icon-link{background-color:#818a91}.elementor-social-icon-linkedin,.elementor-social-icon-linkedin-in{background-color:#0077b5}.elementor-social-icon-medium{background-color:#00ab6b}.elementor-social-icon-meetup{background-color:#ec1c40}.elementor-social-icon-mixcloud{background-color:#273a4b}.elementor-social-icon-odnoklassniki{background-color:#f4731c}.elementor-social-icon-pinterest{background-color:#bd081c}.elementor-social-icon-product-hunt{background-color:#da552f}.elementor-social-icon-reddit{background-color:#ff4500}.elementor-social-icon-rss{background-color:#f26522}.elementor-social-icon-shopping-cart{background-color:#4caf50}.elementor-social-icon-skype{background-color:#00aff0}.elementor-social-icon-slideshare{background-color:#0077b5}.elementor-social-icon-snapchat{background-color:#fffc00}.elementor-social-icon-soundcloud{background-color:#f80}.elementor-social-icon-spotify{background-color:#2ebd59}.elementor-social-icon-stack-overflow{background-color:#fe7a15}.elementor-social-icon-steam{background-color:#00adee}.elementor-social-icon-stumbleupon{background-color:#eb4924}.elementor-social-icon-telegram{background-color:#2ca5e0}.elementor-social-icon-thumb-tack{background-color:#1aa1d8}.elementor-social-icon-tripadvisor{background-color:#589442}.elementor-social-icon-tumblr{background-color:#35465c}.elementor-social-icon-twitch{background-color:#6441a5}.elementor-social-icon-twitter{background-color:#1da1f2}.elementor-social-icon-viber{background-color:#665cac}.elementor-social-icon-vimeo{background-color:#1ab7ea}.elementor-social-icon-vk{background-color:#45668e}.elementor-social-icon-weibo{background-color:#dd2430}.elementor-social-icon-weixin{background-color:#31a918}.elementor-social-icon-whatsapp{background-color:#25d366}.elementor-social-icon-wordpress{background-color:#21759b}.elementor-social-icon-xing{background-color:#026466}.elementor-social-icon-yelp{background-color:#af0606}.elementor-social-icon-youtube{background-color:#cd201f}.elementor-social-icon-500px{background-color:#0099e5}.elementor-shape-rounded .elementor-icon.elementor-social-icon{border-radius:10%}.elementor-shape-circle .elementor-icon.elementor-social-icon{border-radius:50%}<\/style>\t\t<div class=\"elementor-social-icons-wrapper elementor-grid\">\n\t\t\t\t\t\t\t<span class=\"elementor-grid-item\">\n\t\t\t\t\t<a class=\"elementor-icon elementor-social-icon elementor-social-icon-facebook-f elementor-repeater-item-3f1b7ac\" target=\"_blank\">\n\t\t\t\t\t\t<span class=\"elementor-screen-only\">Facebook-f<\/span>\n\t\t\t\t\t\t<i class=\"fab fa-facebook-f\"><\/i>\t\t\t\t\t<\/a>\n\t\t\t\t<\/span>\n\t\t\t\t\t\t\t<span class=\"elementor-grid-item\">\n\t\t\t\t\t<a class=\"elementor-icon elementor-social-icon elementor-social-icon-instagram elementor-repeater-item-828f132\" href=\"https:\/\/www.instagram.com\/k.rolgribouille\/\" target=\"_blank\">\n\t\t\t\t\t\t<span class=\"elementor-screen-only\">Instagram<\/span>\n\t\t\t\t\t\t<i class=\"fab fa-instagram\"><\/i>\t\t\t\t\t<\/a>\n\t\t\t\t<\/span>\n\t\t\t\t\t<\/div>\n\t\t\t\t<\/div>\n\t\t\t\t<\/div>\n\t\t\t\t<\/div>\n\t\t\t\t<\/div>\n\t\t<div class=\"elementor-element elementor-element-5b197b9c e-con-full e-flex e-con e-parent\" data-id=\"5b197b9c\" data-element_type=\"container\" data-settings=\"{&quot;content_width&quot;:&quot;full&quot;}\" data-core-v316-plus=\"true\">\n\t\t<div class=\"elementor-element elementor-element-4607497e e-con-full e-flex e-con e-child\" data-id=\"4607497e\" data-element_type=\"container\" data-settings=\"{&quot;background_background&quot;:&quot;classic&quot;,&quot;content_width&quot;:&quot;full&quot;}\">\n\t\t\t\t<div class=\"elementor-element elementor-element-33e70dbb elementor-widget elementor-widget-google_maps\" data-id=\"33e70dbb\" data-element_type=\"widget\" data-widget_type=\"google_maps.default\">\n\t\t\t\t<div class=\"elementor-widget-container\">\n\t\t\t<style>\/*! elementor - v3.17.0 - 25-10-2023 *\/\n.elementor-widget-google_maps .elementor-widget-container{overflow:hidden}.elementor-widget-google_maps .elementor-custom-embed{line-height:0}.elementor-widget-google_maps iframe{height:300px}<\/style>\t\t<div class=\"elementor-custom-embed\">\n\t\t\t<iframe loading=\"lazy\"\n\t\t\t\t\tsrc=\"https:\/\/maps.google.com\/maps?q=5%20place%20de%20wasselonne%2067230%20benfeld&#038;t=m&#038;z=17&#038;output=embed&#038;iwloc=near\"\n\t\t\t\t\ttitle=\"5 place de wasselonne 67230 benfeld\"\n\t\t\t\t\taria-label=\"5 place de wasselonne 67230 benfeld\"\n\t\t\t><\/iframe>\n\t\t<\/div>\n\t\t\t\t<\/div>\n\t\t\t\t<\/div>\n\t\t\t\t<\/div>\n\t\t<div class=\"elementor-element elementor-element-1bbaa95 e-con-full e-flex e-con e-child\" data-id=\"1bbaa95\" data-element_type=\"container\" data-settings=\"{&quot;content_width&quot;:&quot;full&quot;}\">\n\t\t\t\t<div class=\"elementor-element elementor-element-23211ad5 elementor-widget elementor-widget-heading\" data-id=\"23211ad5\" data-element_type=\"widget\" data-widget_type=\"heading.default\">\n\t\t\t\t<div class=\"elementor-widget-container\">\n\t\t\t<h2 class=\"elementor-heading-title elementor-size-default\">Visitez l'atelier<\/h2>\t\t<\/div>\n\t\t\t\t<\/div>\n\t\t\t\t<\/div>\n\t\t\t\t<\/div>\n\t\t\t\t\t\t\t<\/div>\n\t\t","protected":false},"excerpt":{"rendered":"<p>Contactez moi D\u00e9couvrez l&#8217;art personnalis\u00e9 qui vous ressemble. Des tableaux uniques, cr\u00e9\u00e9s pour vous. Contactez-nous pour donner vie \u00e0 vos id\u00e9es artistiques. Addresse: 5 place de wasselonne 67230 benfeld Heure: Sur RDV T\u00e9l\u00e9phone: 123-456-7890 Email: Krolgribouille@gmail.com Facebook-f Instagram Visitez l&#8217;atelier<\/p>\n","protected":false},"author":1,"featured_media":0,"parent":0,"menu_order":0,"comment_status":"closed","ping_status":"closed","template":"","meta":{"footnotes":""},"yoast_head":"<!-- This site is optimized with the Yoast SEO plugin v21.5 - https:\/\/yoast.com\/wordpress\/plugins\/seo\/ -->\n<title>Contact - KROLGRIBOUILLE<\/title>\n<meta name=\"robots\" content=\"index, follow, max-snippet:-1, max-image-preview:large, max-video-preview:-1\" \/>\n<link rel=\"canonical\" href=\"https:\/\/krolgribouille.com\/index.php\/contact\/\" \/>\n<meta property=\"og:locale\" content=\"en_US\" \/>\n<meta property=\"og:type\" content=\"article\" \/>\n<meta property=\"og:title\" content=\"Contact - KROLGRIBOUILLE\" \/>\n<meta property=\"og:description\" content=\"Contactez moi D\u00e9couvrez l&#8217;art personnalis\u00e9 qui vous ressemble. Des tableaux uniques, cr\u00e9\u00e9s pour vous. Contactez-nous pour donner vie \u00e0 vos id\u00e9es artistiques. Addresse: 5 place de wasselonne 67230 benfeld Heure: Sur RDV T\u00e9l\u00e9phone: 123-456-7890 Email: Krolgribouille@gmail.com Facebook-f Instagram Visitez l&#8217;atelier\" \/>\n<meta property=\"og:url\" content=\"https:\/\/krolgribouille.com\/index.php\/contact\/\" \/>\n<meta property=\"og:site_name\" content=\"KROLGRIBOUILLE\" \/>\n<meta property=\"article:modified_time\" content=\"2023-11-01T15:48:10+00:00\" \/>\n<meta property=\"og:image\" content=\"http:\/\/krolgribouille.com\/wp-content\/uploads\/2023\/11\/10714391_285816904948821_5568190979373360879_o-1024x816.jpg\" \/>\n<meta name=\"twitter:card\" content=\"summary_large_image\" \/>\n<meta name=\"twitter:label1\" content=\"Est. reading time\" \/>\n\t<meta name=\"twitter:data1\" content=\"1 minute\" \/>\n<script type=\"application\/ld+json\" class=\"yoast-schema-graph\">{\"@context\":\"https:\/\/schema.org\",\"@graph\":[{\"@type\":\"WebPage\",\"@id\":\"https:\/\/krolgribouille.com\/index.php\/contact\/\",\"url\":\"https:\/\/krolgribouille.com\/index.php\/contact\/\",\"name\":\"Contact - KROLGRIBOUILLE\",\"isPartOf\":{\"@id\":\"https:\/\/krolgribouille.com\/#website\"},\"datePublished\":\"2023-10-04T15:28:03+00:00\",\"dateModified\":\"2023-11-01T15:48:10+00:00\",\"breadcrumb\":{\"@id\":\"https:\/\/krolgribouille.com\/index.php\/contact\/#breadcrumb\"},\"inLanguage\":\"en-US\",\"potentialAction\":[{\"@type\":\"ReadAction\",\"target\":[\"https:\/\/krolgribouille.com\/index.php\/contact\/\"]}]},{\"@type\":\"BreadcrumbList\",\"@id\":\"https:\/\/krolgribouille.com\/index.php\/contact\/#breadcrumb\",\"itemListElement\":[{\"@type\":\"ListItem\",\"position\":1,\"name\":\"Accueil\",\"item\":\"https:\/\/krolgribouille.com\/\"},{\"@type\":\"ListItem\",\"position\":2,\"name\":\"Contact\"}]},{\"@type\":\"WebSite\",\"@id\":\"https:\/\/krolgribouille.com\/#website\",\"url\":\"https:\/\/krolgribouille.com\/\",\"name\":\"KROLGRIBOUILLE\",\"description\":\"L&#039;Alsace en Aquarelle\",\"publisher\":{\"@id\":\"https:\/\/krolgribouille.com\/#organization\"},\"potentialAction\":[{\"@type\":\"SearchAction\",\"target\":{\"@type\":\"EntryPoint\",\"urlTemplate\":\"https:\/\/krolgribouille.com\/?s={search_term_string}\"},\"query-input\":\"required name=search_term_string\"}],\"inLanguage\":\"en-US\"},{\"@type\":\"Organization\",\"@id\":\"https:\/\/krolgribouille.com\/#organization\",\"name\":\"KROLGRIBOUILLE\",\"url\":\"https:\/\/krolgribouille.com\/\",\"logo\":{\"@type\":\"ImageObject\",\"inLanguage\":\"en-US\",\"@id\":\"https:\/\/krolgribouille.com\/#\/schema\/logo\/image\/\",\"url\":\"https:\/\/krolgribouille.com\/wp-content\/uploads\/2023\/11\/cropped-Design-sans-titre-1.png\",\"contentUrl\":\"https:\/\/krolgribouille.com\/wp-content\/uploads\/2023\/11\/cropped-Design-sans-titre-1.png\",\"width\":500,\"height\":500,\"caption\":\"KROLGRIBOUILLE\"},\"image\":{\"@id\":\"https:\/\/krolgribouille.com\/#\/schema\/logo\/image\/\"}}]}<\/script>\n<!-- \/ Yoast SEO plugin. -->","yoast_head_json":{"title":"Contact - KROLGRIBOUILLE","robots":{"index":"index","follow":"follow","max-snippet":"max-snippet:-1","max-image-preview":"max-image-preview:large","max-video-preview":"max-video-preview:-1"},"canonical":"https:\/\/krolgribouille.com\/index.php\/contact\/","og_locale":"en_US","og_type":"article","og_title":"Contact - KROLGRIBOUILLE","og_description":"Contactez moi D\u00e9couvrez l&#8217;art personnalis\u00e9 qui vous ressemble. Des tableaux uniques, cr\u00e9\u00e9s pour vous. Contactez-nous pour donner vie \u00e0 vos id\u00e9es artistiques. Addresse: 5 place de wasselonne 67230 benfeld Heure: Sur RDV T\u00e9l\u00e9phone: 123-456-7890 Email: Krolgribouille@gmail.com Facebook-f Instagram Visitez l&#8217;atelier","og_url":"https:\/\/krolgribouille.com\/index.php\/contact\/","og_site_name":"KROLGRIBOUILLE","article_modified_time":"2023-11-01T15:48:10+00:00","og_image":[{"url":"http:\/\/krolgribouille.com\/wp-content\/uploads\/2023\/11\/10714391_285816904948821_5568190979373360879_o-1024x816.jpg"}],"twitter_card":"summary_large_image","twitter_misc":{"Est. reading time":"1 minute"},"schema":{"@context":"https:\/\/schema.org","@graph":[{"@type":"WebPage","@id":"https:\/\/krolgribouille.com\/index.php\/contact\/","url":"https:\/\/krolgribouille.com\/index.php\/contact\/","name":"Contact - KROLGRIBOUILLE","isPartOf":{"@id":"https:\/\/krolgribouille.com\/#website"},"datePublished":"2023-10-04T15:28:03+00:00","dateModified":"2023-11-01T15:48:10+00:00","breadcrumb":{"@id":"https:\/\/krolgribouille.com\/index.php\/contact\/#breadcrumb"},"inLanguage":"en-US","potentialAction":[{"@type":"ReadAction","target":["https:\/\/krolgribouille.com\/index.php\/contact\/"]}]},{"@type":"BreadcrumbList","@id":"https:\/\/krolgribouille.com\/index.php\/contact\/#breadcrumb","itemListElement":[{"@type":"ListItem","position":1,"name":"Accueil","item":"https:\/\/krolgribouille.com\/"},{"@type":"ListItem","position":2,"name":"Contact"}]},{"@type":"WebSite","@id":"https:\/\/krolgribouille.com\/#website","url":"https:\/\/krolgribouille.com\/","name":"KROLGRIBOUILLE","description":"L&#039;Alsace en Aquarelle","publisher":{"@id":"https:\/\/krolgribouille.com\/#organization"},"potentialAction":[{"@type":"SearchAction","target":{"@type":"EntryPoint","urlTemplate":"https:\/\/krolgribouille.com\/?s={search_term_string}"},"query-input":"required name=search_term_string"}],"inLanguage":"en-US"},{"@type":"Organization","@id":"https:\/\/krolgribouille.com\/#organization","name":"KROLGRIBOUILLE","url":"https:\/\/krolgribouille.com\/","logo":{"@type":"ImageObject","inLanguage":"en-US","@id":"https:\/\/krolgribouille.com\/#\/schema\/logo\/image\/","url":"https:\/\/krolgribouille.com\/wp-content\/uploads\/2023\/11\/cropped-Design-sans-titre-1.png","contentUrl":"https:\/\/krolgribouille.com\/wp-content\/uploads\/2023\/11\/cropped-Design-sans-titre-1.png","width":500,"height":500,"caption":"KROLGRIBOUILLE"},"image":{"@id":"https:\/\/krolgribouille.com\/#\/schema\/logo\/image\/"}}]}},"jetpack_sharing_enabled":true,"_links":{"self":[{"href":"https:\/\/krolgribouille.com\/index.php\/wp-json\/wp\/v2\/pages\/27"}],"collection":[{"href":"https:\/\/krolgribouille.com\/index.php\/wp-json\/wp\/v2\/pages"}],"about":[{"href":"https:\/\/krolgribouille.com\/index.php\/wp-json\/wp\/v2\/types\/page"}],"author":[{"embeddable":true,"href":"https:\/\/krolgribouille.com\/index.php\/wp-json\/wp\/v2\/users\/1"}],"replies":[{"embeddable":true,"href":"https:\/\/krolgribouille.com\/index.php\/wp-json\/wp\/v2\/comments?post=27"}],"version-history":[{"count":10,"href":"https:\/\/krolgribouille.com\/index.php\/wp-json\/wp\/v2\/pages\/27\/revisions"}],"predecessor-version":[{"id":141,"href":"https:\/\/krolgribouille.com\/index.php\/wp-json\/wp\/v2\/pages\/27\/revisions\/141"}],"wp:attachment":[{"href":"https:\/\/krolgribouille.com\/index.php\/wp-json\/wp\/v2\/media?parent=27"}],"curies":[{"name":"wp","href":"https:\/\/api.w.org\/{rel}","templated":true}]}}